{"id":774,"date":"2023-04-11T21:54:49","date_gmt":"2023-04-11T19:54:49","guid":{"rendered":"https:\/\/vieuxchateaulabatut.com\/?post_type=product&#038;p=774"},"modified":"2024-11-28T00:06:58","modified_gmt":"2024-11-27T23:06:58","slug":"vieux-chateau-labatut-2021","status":"publish","type":"product","link":"https:\/\/vieuxchateaulabatut.com\/en\/product\/vieux-chateau-labatut-2021","title":{"rendered":"<span style=\"color: #e71a29;\">V<\/span>ieux <span style=\"color: #e71a29;\">C<\/span>h\u00e2teau <span style=\"color: #e71a29;\">L<\/span>abatut 2021"},"content":{"rendered":"<p>The nose offers a certain gluttony, a fine concentration and a very fine power. It reveals notes of vanilla, bright blackberry and slight notes of fleshy blueberry associated with small touches of crushed strawberry, slight hints of lily, toasted\/caramelized and pepper. The palate is fruity and offers minerality, freshness, a little smoothness, a fine tension as well as a little power and a slightly tight grain. On the palate this wine expresses notes of luscious\/juicy raspberry, luscious\/fresh red berries and slight hints of violet associated with touches of blackberry as well as slight hints of cardamom, clove and fine hints of vanilla. The tannins are finely firm.<\/p>\n","protected":false},"excerpt":{"rendered":"<h4>Vintage 2020.<\/h4>\n<p>Appelation d&#8217;Origine Control\u00e9e Montagne Saint-\u00c9milion.<\/p>\n<p><span class=\"\">Red<\/span>\u00a0| 12,5\u00b0<br \/>\nMerlot 80%, Cabernet Sauvignon 20%.<br \/>\nGarde 12 ans.<\/p>\n<p>Food &amp; wine pairing :<\/p>\n<ul>\n<li>Delicatessen<\/li>\n<li>Red meat<\/li>\n<li>Soft cheese<\/li>\n<\/ul>\n<p>Packaged and shipped in boxes of 6 bottles, mixing of different vintages possible.<\/p>\n","protected":false},"featured_media":403,"comment_status":"open","ping_status":"closed","template":"","meta":{"_et_pb_use_builder":"","_et_pb_old_content":"","_et_gb_content_width":""},"product_brand":[],"product_cat":[33],"product_tag":[],"class_list":{"0":"post-774","1":"product","2":"type-product","3":"status-publish","4":"has-post-thumbnail","6":"product_cat-aoc-montagne-saint-emilion-en","8":"first","9":"instock","10":"purchasable","11":"product-type-variable"},"yoast_head":"<!-- This site is optimized with the Yoast SEO plugin v27.4 - https:\/\/yoast.com\/product\/yoast-seo-wordpress\/ -->\n<title>Vieux Ch\u00e2teau Labatut - vintage 2020 - AOC Montagne Saint-\u00c9milion<\/title>\n<meta name=\"robots\" content=\"index, follow, max-snippet:-1, max-image-preview:large, max-video-preview:-1\" \/>\n<link rel=\"canonical\" href=\"https:\/\/vieuxchateaulabatut.com\/en\/product\/vieux-chateau-labatut-2021\" \/>\n<meta property=\"og:locale\" content=\"en_US\" \/>\n<meta property=\"og:type\" content=\"article\" \/>\n<meta property=\"og:title\" content=\"Vieux Ch\u00e2teau Labatut - vintage 2020 - AOC Montagne Saint-\u00c9milion\" \/>\n<meta property=\"og:description\" content=\"Vintage 2020. Appelation d&#039;Origine Control\u00e9e Montagne Saint-\u00c9milion.  Red\u00a0| 12,5\u00b0 Merlot 80%, Cabernet Sauvignon 20%. Garde 12 ans.  Food &amp; wine pairing :   Delicatessen  Red meat  Soft cheese  Packaged and shipped in boxes of 6 bottles, mixing of different vintages possible.\" \/>\n<meta property=\"og:url\" content=\"https:\/\/vieuxchateaulabatut.com\/en\/product\/vieux-chateau-labatut-2021\" \/>\n<meta property=\"og:site_name\" content=\"Vieux Ch\u00e2teau Labatut\" \/>\n<meta property=\"article:modified_time\" content=\"2024-11-27T23:06:58+00:00\" \/>\n<meta property=\"og:image\" content=\"https:\/\/vieuxchateaulabatut.com\/wp-content\/uploads\/2022\/04\/vieux-chateau-labatut-montagne-saint-emilion-hve.jpg\" \/>\n\t<meta property=\"og:image:width\" content=\"720\" \/>\n\t<meta property=\"og:image:height\" content=\"720\" \/>\n\t<meta property=\"og:image:type\" content=\"image\/jpeg\" \/>\n<meta name=\"twitter:card\" content=\"summary_large_image\" \/>\n<meta name=\"twitter:label1\" content=\"Est. reading time\" \/>\n\t<meta name=\"twitter:data1\" content=\"1 minute\" \/>\n<script type=\"application\/ld+json\" class=\"yoast-schema-graph\">{\"@context\":\"https:\\\/\\\/schema.org\",\"@graph\":[{\"@type\":\"WebPage\",\"@id\":\"https:\\\/\\\/vieuxchateaulabatut.com\\\/en\\\/product\\\/vieux-chateau-labatut-2021\",\"url\":\"https:\\\/\\\/vieuxchateaulabatut.com\\\/en\\\/product\\\/vieux-chateau-labatut-2021\",\"name\":\"Vieux Ch\u00e2teau Labatut - vintage 2020 - AOC Montagne Saint-\u00c9milion\",\"isPartOf\":{\"@id\":\"https:\\\/\\\/vieuxchateaulabatut.com\\\/en#website\"},\"primaryImageOfPage\":{\"@id\":\"https:\\\/\\\/vieuxchateaulabatut.com\\\/en\\\/product\\\/vieux-chateau-labatut-2021#primaryimage\"},\"image\":{\"@id\":\"https:\\\/\\\/vieuxchateaulabatut.com\\\/en\\\/product\\\/vieux-chateau-labatut-2021#primaryimage\"},\"thumbnailUrl\":\"https:\\\/\\\/vieuxchateaulabatut.com\\\/wp-content\\\/uploads\\\/2022\\\/04\\\/vieux-chateau-labatut-montagne-saint-emilion-hve.jpg\",\"datePublished\":\"2023-04-11T19:54:49+00:00\",\"dateModified\":\"2024-11-27T23:06:58+00:00\",\"breadcrumb\":{\"@id\":\"https:\\\/\\\/vieuxchateaulabatut.com\\\/en\\\/product\\\/vieux-chateau-labatut-2021#breadcrumb\"},\"inLanguage\":\"en-US\",\"potentialAction\":[{\"@type\":\"ReadAction\",\"target\":[\"https:\\\/\\\/vieuxchateaulabatut.com\\\/en\\\/product\\\/vieux-chateau-labatut-2021\"]}]},{\"@type\":\"ImageObject\",\"inLanguage\":\"en-US\",\"@id\":\"https:\\\/\\\/vieuxchateaulabatut.com\\\/en\\\/product\\\/vieux-chateau-labatut-2021#primaryimage\",\"url\":\"https:\\\/\\\/vieuxchateaulabatut.com\\\/wp-content\\\/uploads\\\/2022\\\/04\\\/vieux-chateau-labatut-montagne-saint-emilion-hve.jpg\",\"contentUrl\":\"https:\\\/\\\/vieuxchateaulabatut.com\\\/wp-content\\\/uploads\\\/2022\\\/04\\\/vieux-chateau-labatut-montagne-saint-emilion-hve.jpg\",\"width\":720,\"height\":720},{\"@type\":\"BreadcrumbList\",\"@id\":\"https:\\\/\\\/vieuxchateaulabatut.com\\\/en\\\/product\\\/vieux-chateau-labatut-2021#breadcrumb\",\"itemListElement\":[{\"@type\":\"ListItem\",\"position\":1,\"name\":\"Accueil\",\"item\":\"https:\\\/\\\/vieuxchateaulabatut.com\\\/en\"},{\"@type\":\"ListItem\",\"position\":2,\"name\":\"Shop\",\"item\":\"https:\\\/\\\/vieuxchateaulabatut.com\\\/en\\\/vieux-chateau-labatut\\\/shop\"},{\"@type\":\"ListItem\",\"position\":3,\"name\":\"Vieux Ch\u00e2teau Labatut 2021\"}]},{\"@type\":\"WebSite\",\"@id\":\"https:\\\/\\\/vieuxchateaulabatut.com\\\/en#website\",\"url\":\"https:\\\/\\\/vieuxchateaulabatut.com\\\/en\",\"name\":\"Vieux Ch\u00e2teau Labatut\",\"description\":\"Montagne Saint-\u00c9milion\",\"publisher\":{\"@id\":\"https:\\\/\\\/vieuxchateaulabatut.com\\\/en#organization\"},\"potentialAction\":[{\"@type\":\"SearchAction\",\"target\":{\"@type\":\"EntryPoint\",\"urlTemplate\":\"https:\\\/\\\/vieuxchateaulabatut.com\\\/en?s={search_term_string}\"},\"query-input\":{\"@type\":\"PropertyValueSpecification\",\"valueRequired\":true,\"valueName\":\"search_term_string\"}}],\"inLanguage\":\"en-US\"},{\"@type\":\"Organization\",\"@id\":\"https:\\\/\\\/vieuxchateaulabatut.com\\\/en#organization\",\"name\":\"Vieux Ch\u00e2teau Labatut\",\"url\":\"https:\\\/\\\/vieuxchateaulabatut.com\\\/en\",\"logo\":{\"@type\":\"ImageObject\",\"inLanguage\":\"en-US\",\"@id\":\"https:\\\/\\\/vieuxchateaulabatut.com\\\/en#\\\/schema\\\/logo\\\/image\\\/\",\"url\":\"https:\\\/\\\/vieuxchateaulabatut.com\\\/wp-content\\\/uploads\\\/2022\\\/04\\\/vieux-cheteau-labatut-montagne-saint-emilion-logo.png\",\"contentUrl\":\"https:\\\/\\\/vieuxchateaulabatut.com\\\/wp-content\\\/uploads\\\/2022\\\/04\\\/vieux-cheteau-labatut-montagne-saint-emilion-logo.png\",\"width\":263,\"height\":41,\"caption\":\"Vieux Ch\u00e2teau Labatut\"},\"image\":{\"@id\":\"https:\\\/\\\/vieuxchateaulabatut.com\\\/en#\\\/schema\\\/logo\\\/image\\\/\"}}]}<\/script>\n<!-- \/ Yoast SEO plugin. -->","yoast_head_json":{"title":"Vieux Ch\u00e2teau Labatut - vintage 2020 - AOC Montagne Saint-\u00c9milion","robots":{"index":"index","follow":"follow","max-snippet":"max-snippet:-1","max-image-preview":"max-image-preview:large","max-video-preview":"max-video-preview:-1"},"canonical":"https:\/\/vieuxchateaulabatut.com\/en\/product\/vieux-chateau-labatut-2021","og_locale":"en_US","og_type":"article","og_title":"Vieux Ch\u00e2teau Labatut - vintage 2020 - AOC Montagne Saint-\u00c9milion","og_description":"Vintage 2020. Appelation d'Origine Control\u00e9e Montagne Saint-\u00c9milion.  Red\u00a0| 12,5\u00b0 Merlot 80%, Cabernet Sauvignon 20%. Garde 12 ans.  Food &amp; wine pairing :   Delicatessen  Red meat  Soft cheese  Packaged and shipped in boxes of 6 bottles, mixing of different vintages possible.","og_url":"https:\/\/vieuxchateaulabatut.com\/en\/product\/vieux-chateau-labatut-2021","og_site_name":"Vieux Ch\u00e2teau Labatut","article_modified_time":"2024-11-27T23:06:58+00:00","og_image":[{"width":720,"height":720,"url":"https:\/\/vieuxchateaulabatut.com\/wp-content\/uploads\/2022\/04\/vieux-chateau-labatut-montagne-saint-emilion-hve.jpg","type":"image\/jpeg"}],"twitter_card":"summary_large_image","twitter_misc":{"Est. reading time":"1 minute"},"schema":{"@context":"https:\/\/schema.org","@graph":[{"@type":"WebPage","@id":"https:\/\/vieuxchateaulabatut.com\/en\/product\/vieux-chateau-labatut-2021","url":"https:\/\/vieuxchateaulabatut.com\/en\/product\/vieux-chateau-labatut-2021","name":"Vieux Ch\u00e2teau Labatut - vintage 2020 - AOC Montagne Saint-\u00c9milion","isPartOf":{"@id":"https:\/\/vieuxchateaulabatut.com\/en#website"},"primaryImageOfPage":{"@id":"https:\/\/vieuxchateaulabatut.com\/en\/product\/vieux-chateau-labatut-2021#primaryimage"},"image":{"@id":"https:\/\/vieuxchateaulabatut.com\/en\/product\/vieux-chateau-labatut-2021#primaryimage"},"thumbnailUrl":"https:\/\/vieuxchateaulabatut.com\/wp-content\/uploads\/2022\/04\/vieux-chateau-labatut-montagne-saint-emilion-hve.jpg","datePublished":"2023-04-11T19:54:49+00:00","dateModified":"2024-11-27T23:06:58+00:00","breadcrumb":{"@id":"https:\/\/vieuxchateaulabatut.com\/en\/product\/vieux-chateau-labatut-2021#breadcrumb"},"inLanguage":"en-US","potentialAction":[{"@type":"ReadAction","target":["https:\/\/vieuxchateaulabatut.com\/en\/product\/vieux-chateau-labatut-2021"]}]},{"@type":"ImageObject","inLanguage":"en-US","@id":"https:\/\/vieuxchateaulabatut.com\/en\/product\/vieux-chateau-labatut-2021#primaryimage","url":"https:\/\/vieuxchateaulabatut.com\/wp-content\/uploads\/2022\/04\/vieux-chateau-labatut-montagne-saint-emilion-hve.jpg","contentUrl":"https:\/\/vieuxchateaulabatut.com\/wp-content\/uploads\/2022\/04\/vieux-chateau-labatut-montagne-saint-emilion-hve.jpg","width":720,"height":720},{"@type":"BreadcrumbList","@id":"https:\/\/vieuxchateaulabatut.com\/en\/product\/vieux-chateau-labatut-2021#breadcrumb","itemListElement":[{"@type":"ListItem","position":1,"name":"Accueil","item":"https:\/\/vieuxchateaulabatut.com\/en"},{"@type":"ListItem","position":2,"name":"Shop","item":"https:\/\/vieuxchateaulabatut.com\/en\/vieux-chateau-labatut\/shop"},{"@type":"ListItem","position":3,"name":"Vieux Ch\u00e2teau Labatut 2021"}]},{"@type":"WebSite","@id":"https:\/\/vieuxchateaulabatut.com\/en#website","url":"https:\/\/vieuxchateaulabatut.com\/en","name":"Vieux Ch\u00e2teau Labatut","description":"Montagne Saint-\u00c9milion","publisher":{"@id":"https:\/\/vieuxchateaulabatut.com\/en#organization"},"potentialAction":[{"@type":"SearchAction","target":{"@type":"EntryPoint","urlTemplate":"https:\/\/vieuxchateaulabatut.com\/en?s={search_term_string}"},"query-input":{"@type":"PropertyValueSpecification","valueRequired":true,"valueName":"search_term_string"}}],"inLanguage":"en-US"},{"@type":"Organization","@id":"https:\/\/vieuxchateaulabatut.com\/en#organization","name":"Vieux Ch\u00e2teau Labatut","url":"https:\/\/vieuxchateaulabatut.com\/en","logo":{"@type":"ImageObject","inLanguage":"en-US","@id":"https:\/\/vieuxchateaulabatut.com\/en#\/schema\/logo\/image\/","url":"https:\/\/vieuxchateaulabatut.com\/wp-content\/uploads\/2022\/04\/vieux-cheteau-labatut-montagne-saint-emilion-logo.png","contentUrl":"https:\/\/vieuxchateaulabatut.com\/wp-content\/uploads\/2022\/04\/vieux-cheteau-labatut-montagne-saint-emilion-logo.png","width":263,"height":41,"caption":"Vieux Ch\u00e2teau Labatut"},"image":{"@id":"https:\/\/vieuxchateaulabatut.com\/en#\/schema\/logo\/image\/"}}]}},"jetpack_sharing_enabled":true,"_links":{"self":[{"href":"https:\/\/vieuxchateaulabatut.com\/en\/wp-json\/wp\/v2\/product\/774","targetHints":{"allow":["GET"]}}],"collection":[{"href":"https:\/\/vieuxchateaulabatut.com\/en\/wp-json\/wp\/v2\/product"}],"about":[{"href":"https:\/\/vieuxchateaulabatut.com\/en\/wp-json\/wp\/v2\/types\/product"}],"replies":[{"embeddable":true,"href":"https:\/\/vieuxchateaulabatut.com\/en\/wp-json\/wp\/v2\/comments?post=774"}],"wp:featuredmedia":[{"embeddable":true,"href":"https:\/\/vieuxchateaulabatut.com\/en\/wp-json\/wp\/v2\/media\/403"}],"wp:attachment":[{"href":"https:\/\/vieuxchateaulabatut.com\/en\/wp-json\/wp\/v2\/media?parent=774"}],"wp:term":[{"taxonomy":"product_brand","embeddable":true,"href":"https:\/\/vieuxchateaulabatut.com\/en\/wp-json\/wp\/v2\/product_brand?post=774"},{"taxonomy":"product_cat","embeddable":true,"href":"https:\/\/vieuxchateaulabatut.com\/en\/wp-json\/wp\/v2\/product_cat?post=774"},{"taxonomy":"product_tag","embeddable":true,"href":"https:\/\/vieuxchateaulabatut.com\/en\/wp-json\/wp\/v2\/product_tag?post=774"}],"curies":[{"name":"wp","href":"https:\/\/api.w.org\/{rel}","templated":true}]}}